{"id":5863,"date":"2019-07-22T20:25:58","date_gmt":"2019-07-22T17:25:58","guid":{"rendered":"https:\/\/tes.zizi.ee\/?post_type=product&#038;p=5863"},"modified":"2019-07-22T20:28:58","modified_gmt":"2019-07-22T17:28:58","slug":"koogiratik-pehme-vahvel-hindriks-blue","status":"publish","type":"product","link":"https:\/\/tes.zizi.ee\/et\/toode\/koogiratik-pehme-vahvel-hindriks-blue\/","title":{"rendered":"K\u00d6\u00d6GIR\u00c4TIK <br \/>pehme vahvel <br \/>hindriku sinine"},"content":{"rendered":"","protected":false},"excerpt":{"rendered":"<p>43 X 70 CM<\/p>\n56% LINA, 44% PUUVILL\n<p>Valmistatud pehmendatud kangast<\/p>\n","protected":false},"featured_media":5865,"template":"","meta":[],"product_brand":[],"product_cat":[1083],"product_tag":[],"class_list":{"0":"post-5863","1":"product","2":"type-product","3":"status-publish","4":"has-post-thumbnail","6":"product_cat-koogiratikud-waffle","8":"first","9":"instock","10":"taxable","11":"shipping-taxable","12":"purchasable","13":"product-type-simple"},"_links":{"self":[{"href":"https:\/\/tes.zizi.ee\/et\/wp-json\/wp\/v2\/product\/5863","targetHints":{"allow":["GET"]}}],"collection":[{"href":"https:\/\/tes.zizi.ee\/et\/wp-json\/wp\/v2\/product"}],"about":[{"href":"https:\/\/tes.zizi.ee\/et\/wp-json\/wp\/v2\/types\/product"}],"wp:featuredmedia":[{"embeddable":true,"href":"https:\/\/tes.zizi.ee\/et\/wp-json\/wp\/v2\/media\/5865"}],"wp:attachment":[{"href":"https:\/\/tes.zizi.ee\/et\/wp-json\/wp\/v2\/media?parent=5863"}],"wp:term":[{"taxonomy":"product_brand","embeddable":true,"href":"https:\/\/tes.zizi.ee\/et\/wp-json\/wp\/v2\/product_brand?post=5863"},{"taxonomy":"product_cat","embeddable":true,"href":"https:\/\/tes.zizi.ee\/et\/wp-json\/wp\/v2\/product_cat?post=5863"},{"taxonomy":"product_tag","embeddable":true,"href":"https:\/\/tes.zizi.ee\/et\/wp-json\/wp\/v2\/product_tag?post=5863"}],"curies":[{"name":"wp","href":"https:\/\/api.w.org\/{rel}","templated":true}]}}