{"id":5849,"date":"2019-07-22T19:50:30","date_gmt":"2019-07-22T16:50:30","guid":{"rendered":"https:\/\/tes.zizi.ee\/?post_type=product&#038;p=5849"},"modified":"2019-07-22T20:24:25","modified_gmt":"2019-07-22T17:24:25","slug":"koogiratik-pehme-vahvel-asphalt-gray","status":"publish","type":"product","link":"https:\/\/tes.zizi.ee\/et\/toode\/koogiratik-pehme-vahvel-asphalt-gray\/","title":{"rendered":"K\u00d6\u00d6GIR\u00c4TIK <br \/>pehme vahvel <br \/>tumehall"},"content":{"rendered":"","protected":false},"excerpt":{"rendered":"<p>43 X 70 CM<\/p>\n56% LINA, 44% PUUVILL\n<p>Valmistatud pehmendatud kangast<\/p>\n","protected":false},"featured_media":5859,"template":"","meta":[],"product_brand":[],"product_cat":[1083],"product_tag":[],"class_list":{"0":"post-5849","1":"product","2":"type-product","3":"status-publish","4":"has-post-thumbnail","6":"product_cat-koogiratikud-waffle","8":"first","9":"instock","10":"taxable","11":"shipping-taxable","12":"purchasable","13":"product-type-simple"},"_links":{"self":[{"href":"https:\/\/tes.zizi.ee\/et\/wp-json\/wp\/v2\/product\/5849","targetHints":{"allow":["GET"]}}],"collection":[{"href":"https:\/\/tes.zizi.ee\/et\/wp-json\/wp\/v2\/product"}],"about":[{"href":"https:\/\/tes.zizi.ee\/et\/wp-json\/wp\/v2\/types\/product"}],"wp:featuredmedia":[{"embeddable":true,"href":"https:\/\/tes.zizi.ee\/et\/wp-json\/wp\/v2\/media\/5859"}],"wp:attachment":[{"href":"https:\/\/tes.zizi.ee\/et\/wp-json\/wp\/v2\/media?parent=5849"}],"wp:term":[{"taxonomy":"product_brand","embeddable":true,"href":"https:\/\/tes.zizi.ee\/et\/wp-json\/wp\/v2\/product_brand?post=5849"},{"taxonomy":"product_cat","embeddable":true,"href":"https:\/\/tes.zizi.ee\/et\/wp-json\/wp\/v2\/product_cat?post=5849"},{"taxonomy":"product_tag","embeddable":true,"href":"https:\/\/tes.zizi.ee\/et\/wp-json\/wp\/v2\/product_tag?post=5849"}],"curies":[{"name":"wp","href":"https:\/\/api.w.org\/{rel}","templated":true}]}}