{"id":4614,"date":"2017-10-29T16:58:40","date_gmt":"2017-10-29T14:59:15","guid":{"rendered":"https:\/\/tes.zizi.ee\/?post_type=product&#038;p=4614\/"},"modified":"2017-11-01T00:21:14","modified_gmt":"2017-10-31T22:21:14","slug":"kinkekaart-25-e","status":"publish","type":"product","link":"https:\/\/tes.zizi.ee\/et\/toode\/kinkekaart-25-e\/","title":{"rendered":"Kinkekaart 25 \u20ac"},"content":{"rendered":"<ul>\r\n<li>Kinkekaardi ostmiseks tuleb \u00fclamen\u00fc\u00fcst sisse logida.<\/li>\r\n<li>Kinkekaart kehtib maksevahendina vastavalt kaardi summale ZIZI kaupluses (Tallinn, Vene 12) ja internetipoes www.zizi.ee. Internetipoes saad kasutada \u00fche tellimuse kohta \u00fche kinkekaardi. ZIZI poes (Vene tn 12, Tallinn) saad tasumisel kasutada rohkem kinkekaarte. Esita kinkekaardid ostu ajal m\u00fc\u00fcjale.<\/li>\r\n<li>Kasuta kinkekaardil n\u00e4idatud kupongi koodi ostukorvis kaupade eest tasumisel, kinkekaardi summa arvutatakse su ostukorvi summast maha.<\/li>\r\n<li>Kinkekaardiga ei saa tasuda postitasu.<\/li>\r\n<li>Kinkekaarti ei vahetata rahaks, ei osteta tagasi ega vahetata \u00fcmber.<\/li>\r\n<li>ZIZI ei vastuta kadunud, varastatud v\u00f5i ilma loata kasutatud kupongi koodide eest. Kinkekaardi koos algup\u00e4rase kupongi koodiga saab vajadusel oma konto alt uuesti alla laadida.<\/li>\r\n<li>V\u00f5imalike k\u00fcsimuste puhul palun kirjuta meile shop(a)zizi.ee<\/li>\r\n<\/ul>\n","protected":false},"excerpt":{"rendered":"","protected":false},"featured_media":4595,"template":"","meta":[],"product_brand":[],"product_cat":[1145],"product_tag":[],"class_list":{"0":"post-4614","1":"product","2":"type-product","3":"status-publish","4":"has-post-thumbnail","6":"product_cat-kinkekaardid","8":"first","9":"instock","10":"downloadable","11":"virtual","12":"sold-individually","13":"taxable","14":"purchasable","15":"product-type-simple"},"_links":{"self":[{"href":"https:\/\/tes.zizi.ee\/et\/wp-json\/wp\/v2\/product\/4614","targetHints":{"allow":["GET"]}}],"collection":[{"href":"https:\/\/tes.zizi.ee\/et\/wp-json\/wp\/v2\/product"}],"about":[{"href":"https:\/\/tes.zizi.ee\/et\/wp-json\/wp\/v2\/types\/product"}],"wp:featuredmedia":[{"embeddable":true,"href":"https:\/\/tes.zizi.ee\/et\/wp-json\/wp\/v2\/media\/4595"}],"wp:attachment":[{"href":"https:\/\/tes.zizi.ee\/et\/wp-json\/wp\/v2\/media?parent=4614"}],"wp:term":[{"taxonomy":"product_brand","embeddable":true,"href":"https:\/\/tes.zizi.ee\/et\/wp-json\/wp\/v2\/product_brand?post=4614"},{"taxonomy":"product_cat","embeddable":true,"href":"https:\/\/tes.zizi.ee\/et\/wp-json\/wp\/v2\/product_cat?post=4614"},{"taxonomy":"product_tag","embeddable":true,"href":"https:\/\/tes.zizi.ee\/et\/wp-json\/wp\/v2\/product_tag?post=4614"}],"curies":[{"name":"wp","href":"https:\/\/api.w.org\/{rel}","templated":true}]}}