{"id":4069,"date":"2016-11-19T14:55:51","date_gmt":"2016-11-19T12:55:51","guid":{"rendered":"https:\/\/tes.zizi.ee\/product\/koogiratik-jaam-lillekula\/"},"modified":"2016-11-20T01:39:57","modified_gmt":"2016-11-19T23:39:57","slug":"koogiratik-jaam-lillekula","status":"publish","type":"product","link":"https:\/\/tes.zizi.ee\/et\/toode\/koogiratik-jaam-lillekula\/","title":{"rendered":"K\u00d6\u00d6GIR\u00c4TIK JAAM <br \/>Lillek\u00fcla"},"content":{"rendered":"","protected":false},"excerpt":{"rendered":"<p>43 X 70 CM<br \/>\n100% LINA\n","protected":false},"featured_media":4068,"template":"","meta":[],"product_brand":[],"product_cat":[1084],"product_tag":[],"class_list":{"0":"post-4069","1":"product","2":"type-product","3":"status-publish","4":"has-post-thumbnail","6":"product_cat-koogiratikud-mustriga","8":"first","9":"outofstock","10":"taxable","11":"shipping-taxable","12":"purchasable","13":"product-type-simple"},"_links":{"self":[{"href":"https:\/\/tes.zizi.ee\/et\/wp-json\/wp\/v2\/product\/4069","targetHints":{"allow":["GET"]}}],"collection":[{"href":"https:\/\/tes.zizi.ee\/et\/wp-json\/wp\/v2\/product"}],"about":[{"href":"https:\/\/tes.zizi.ee\/et\/wp-json\/wp\/v2\/types\/product"}],"wp:featuredmedia":[{"embeddable":true,"href":"https:\/\/tes.zizi.ee\/et\/wp-json\/wp\/v2\/media\/4068"}],"wp:attachment":[{"href":"https:\/\/tes.zizi.ee\/et\/wp-json\/wp\/v2\/media?parent=4069"}],"wp:term":[{"taxonomy":"product_brand","embeddable":true,"href":"https:\/\/tes.zizi.ee\/et\/wp-json\/wp\/v2\/product_brand?post=4069"},{"taxonomy":"product_cat","embeddable":true,"href":"https:\/\/tes.zizi.ee\/et\/wp-json\/wp\/v2\/product_cat?post=4069"},{"taxonomy":"product_tag","embeddable":true,"href":"https:\/\/tes.zizi.ee\/et\/wp-json\/wp\/v2\/product_tag?post=4069"}],"curies":[{"name":"wp","href":"https:\/\/api.w.org\/{rel}","templated":true}]}}