{"id":3967,"date":"2016-10-03T18:48:22","date_gmt":"2016-10-03T15:48:23","guid":{"rendered":"https:\/\/tes.zizi.ee\/et\/toode\/tekikott-jaam-nomme-copy\/"},"modified":"2017-10-25T20:21:17","modified_gmt":"2017-10-25T17:21:17","slug":"tekikott-jaam-paaskula","status":"publish","type":"product","link":"https:\/\/tes.zizi.ee\/et\/toode\/tekikott-jaam-paaskula\/","title":{"rendered":"TEKIKOTT JAAM <br \/>P\u00e4\u00e4sk\u00fcla"},"content":{"rendered":"","protected":false},"excerpt":{"rendered":"100% LINA\n","protected":false},"featured_media":2275,"template":"","meta":[],"product_brand":[],"product_cat":[1062],"product_tag":[],"class_list":{"0":"post-3967","1":"product","2":"type-product","3":"status-publish","4":"has-post-thumbnail","6":"product_cat-tekikotid-jaam","8":"first","9":"outofstock","10":"taxable","11":"shipping-taxable","12":"purchasable","13":"product-type-variable"},"_links":{"self":[{"href":"https:\/\/tes.zizi.ee\/et\/wp-json\/wp\/v2\/product\/3967","targetHints":{"allow":["GET"]}}],"collection":[{"href":"https:\/\/tes.zizi.ee\/et\/wp-json\/wp\/v2\/product"}],"about":[{"href":"https:\/\/tes.zizi.ee\/et\/wp-json\/wp\/v2\/types\/product"}],"wp:featuredmedia":[{"embeddable":true,"href":"https:\/\/tes.zizi.ee\/et\/wp-json\/wp\/v2\/media\/2275"}],"wp:attachment":[{"href":"https:\/\/tes.zizi.ee\/et\/wp-json\/wp\/v2\/media?parent=3967"}],"wp:term":[{"taxonomy":"product_brand","embeddable":true,"href":"https:\/\/tes.zizi.ee\/et\/wp-json\/wp\/v2\/product_brand?post=3967"},{"taxonomy":"product_cat","embeddable":true,"href":"https:\/\/tes.zizi.ee\/et\/wp-json\/wp\/v2\/product_cat?post=3967"},{"taxonomy":"product_tag","embeddable":true,"href":"https:\/\/tes.zizi.ee\/et\/wp-json\/wp\/v2\/product_tag?post=3967"}],"curies":[{"name":"wp","href":"https:\/\/api.w.org\/{rel}","templated":true}]}}