{"id":3415,"date":"2016-09-26T18:05:49","date_gmt":"2016-09-26T15:05:50","guid":{"rendered":"https:\/\/tes.zizi.ee\/et\/toode\/koogiratik-berry-blue-copy\/"},"modified":"2016-09-26T18:06:42","modified_gmt":"2016-09-26T15:06:42","slug":"koogiratik-berry-light-gray","status":"publish","type":"product","link":"https:\/\/tes.zizi.ee\/et\/toode\/koogiratik-berry-light-gray\/","title":{"rendered":"K\u00d6\u00d6GIR\u00c4TIK BERRY <br \/>light gray"},"content":{"rendered":"","protected":false},"excerpt":{"rendered":"<p>43 X 70 CM<br \/>\n100% LINA\n","protected":false},"featured_media":3391,"template":"","meta":[],"product_brand":[],"product_cat":[1084],"product_tag":[],"class_list":{"0":"post-3415","1":"product","2":"type-product","3":"status-publish","4":"has-post-thumbnail","6":"product_cat-koogiratikud-mustriga","8":"first","9":"outofstock","10":"taxable","11":"shipping-taxable","12":"purchasable","13":"product-type-simple"},"_links":{"self":[{"href":"https:\/\/tes.zizi.ee\/et\/wp-json\/wp\/v2\/product\/3415","targetHints":{"allow":["GET"]}}],"collection":[{"href":"https:\/\/tes.zizi.ee\/et\/wp-json\/wp\/v2\/product"}],"about":[{"href":"https:\/\/tes.zizi.ee\/et\/wp-json\/wp\/v2\/types\/product"}],"wp:featuredmedia":[{"embeddable":true,"href":"https:\/\/tes.zizi.ee\/et\/wp-json\/wp\/v2\/media\/3391"}],"wp:attachment":[{"href":"https:\/\/tes.zizi.ee\/et\/wp-json\/wp\/v2\/media?parent=3415"}],"wp:term":[{"taxonomy":"product_brand","embeddable":true,"href":"https:\/\/tes.zizi.ee\/et\/wp-json\/wp\/v2\/product_brand?post=3415"},{"taxonomy":"product_cat","embeddable":true,"href":"https:\/\/tes.zizi.ee\/et\/wp-json\/wp\/v2\/product_cat?post=3415"},{"taxonomy":"product_tag","embeddable":true,"href":"https:\/\/tes.zizi.ee\/et\/wp-json\/wp\/v2\/product_tag?post=3415"}],"curies":[{"name":"wp","href":"https:\/\/api.w.org\/{rel}","templated":true}]}}