{"id":2344,"date":"2016-09-24T13:12:42","date_gmt":"2016-09-24T10:12:42","guid":{"rendered":"https:\/\/tes.zizi.ee\/et\/toode\/padjapuur-jaam-lillekula-copy\/"},"modified":"2016-10-04T22:38:52","modified_gmt":"2016-10-04T19:38:52","slug":"padjapuur-jaam-paaskula","status":"publish","type":"product","link":"https:\/\/tes.zizi.ee\/et\/toode\/padjapuur-jaam-paaskula\/","title":{"rendered":"PADJAP\u00dc\u00dcR JAAM <br \/>P\u00e4\u00e4sk\u00fcla"},"content":{"rendered":"","protected":false},"excerpt":{"rendered":"100% LINA\n","protected":false},"featured_media":2306,"template":"","meta":[],"product_brand":[],"product_cat":[1066],"product_tag":[],"class_list":{"0":"post-2344","1":"product","2":"type-product","3":"status-publish","4":"has-post-thumbnail","6":"product_cat-padjapuurid-jaam","8":"first","9":"outofstock","10":"taxable","11":"shipping-taxable","12":"purchasable","13":"product-type-variable"},"_links":{"self":[{"href":"https:\/\/tes.zizi.ee\/et\/wp-json\/wp\/v2\/product\/2344","targetHints":{"allow":["GET"]}}],"collection":[{"href":"https:\/\/tes.zizi.ee\/et\/wp-json\/wp\/v2\/product"}],"about":[{"href":"https:\/\/tes.zizi.ee\/et\/wp-json\/wp\/v2\/types\/product"}],"wp:featuredmedia":[{"embeddable":true,"href":"https:\/\/tes.zizi.ee\/et\/wp-json\/wp\/v2\/media\/2306"}],"wp:attachment":[{"href":"https:\/\/tes.zizi.ee\/et\/wp-json\/wp\/v2\/media?parent=2344"}],"wp:term":[{"taxonomy":"product_brand","embeddable":true,"href":"https:\/\/tes.zizi.ee\/et\/wp-json\/wp\/v2\/product_brand?post=2344"},{"taxonomy":"product_cat","embeddable":true,"href":"https:\/\/tes.zizi.ee\/et\/wp-json\/wp\/v2\/product_cat?post=2344"},{"taxonomy":"product_tag","embeddable":true,"href":"https:\/\/tes.zizi.ee\/et\/wp-json\/wp\/v2\/product_tag?post=2344"}],"curies":[{"name":"wp","href":"https:\/\/api.w.org\/{rel}","templated":true}]}}