{"id":2073,"date":"2016-09-14T12:31:58","date_gmt":"2016-09-14T09:31:58","guid":{"rendered":"https:\/\/tes.zizi.ee\/et\/?page_id=2073"},"modified":"2016-10-02T19:36:04","modified_gmt":"2016-10-02T16:36:04","slug":"hooldus","status":"publish","type":"page","link":"https:\/\/tes.zizi.ee\/et\/hooldus\/","title":{"rendered":"Hooldus"},"content":{"rendered":"<h1>Hooldus<\/h1>\n<p>K\u00f5ik ZIZI kodutekstiilid on masinpestavad, samuti on lubatud keemiline puhastus.<\/p>\n<p>Uhiuued ZIZI tekstiilid on eelnevalt t\u00e4rgeldatud, kuid pesut\u00e4rklis tuleb paari esimese pesukorraga v\u00e4lja ja kangas muutub pehmemaks. Seep\u00e4rast soovitame, eriti triikimise h\u00f5lbustamiseks, riputada linased kodutekstiilid p\u00e4rast masinpesu kuivama, neid eelnevalt sirgeks venitades.<\/p>\n<p>Tavalise aurutriikrauaga saab nii pool- kui t\u00e4islinased tekstiilid ilma suurema vaevata kaunilt sirgeks. Kui teil on kodus triikimiskalander, siis on linaste kodutekstiilide triikimine eriti lihtne. Parima tulemuse saavutate triikides veidi veel niisket toodet.<\/p>\n<p>Kui soovite laudlinu uuesti t\u00e4rgeldada, soovitame kasutada spray-t\u00e4rklist, mida m\u00fc\u00fcakse k\u00f5igis suuremates peremarketites. Oma kogemusest oskame soovitada, et laudlina on hea siiski enne sirgeks triikida ja alles seej\u00e4rel pritsida t\u00e4rgeldusainega, nii saate kauneima tulemuse.<\/p>\n<p>Kuivatamine trummelkuivatis ei ole soovitatav, v\u00e4hemasti esimestel pesukordadel. Trummelkuivatis v\u00f5ivad linased tekstiilid liigselt kokku t\u00f5mbuda, samuti on neid seej\u00e4rel raskem sirgeks triikida.<\/p>\n<table>\n<tbody>\n<tr>\n<td><img loading=\"lazy\" decoding=\"async\" class=\"alignnone size-full wp-image-3840\" src=\"https:\/\/tes.zizi.ee\/wp-content\/uploads\/2016\/10\/pm60.png\" alt=\"pm60\" width=\"138\" height=\"20\" \/><\/td>\n<td>HELEDAD TOONID<\/td>\n<\/tr>\n<tr>\n<td><img loading=\"lazy\" decoding=\"async\" class=\"alignnone size-full wp-image-3838\" src=\"https:\/\/tes.zizi.ee\/wp-content\/uploads\/2016\/10\/pm40.png\" alt=\"pm40\" width=\"138\" height=\"20\" \/><\/td>\n<td>TUMEDAD TOONID<\/td>\n<\/tr>\n<\/tbody>\n<\/table>\n","protected":false},"excerpt":{"rendered":"<p>Hooldus K\u00f5ik ZIZI kodutekstiilid on masinpestavad, samuti on lubatud keemiline puhastus. Uhiuued ZIZI tekstiilid on eelnevalt t\u00e4rgeldatud, kuid pesut\u00e4rklis tuleb paari esimese pesukorraga v\u00e4lja ja kangas muutub pehmemaks. Seep\u00e4rast soovitame, eriti triikimise h\u00f5lbustamiseks, riputada linased kodutekstiilid p\u00e4rast masinpesu kuivama, neid eelnevalt sirgeks venitades. Tavalise aurutriikrauaga saab nii pool- kui t\u00e4islinased tekstiilid ilma suurema vaevata kaunilt [&#8230;]\n","protected":false},"author":1,"featured_media":0,"parent":0,"menu_order":24,"comment_status":"closed","ping_status":"closed","template":"page-right-sidebar.php","meta":{"footnotes":""},"class_list":["post-2073","page","type-page","status-publish","hentry"],"_links":{"self":[{"href":"https:\/\/tes.zizi.ee\/et\/wp-json\/wp\/v2\/pages\/2073","targetHints":{"allow":["GET"]}}],"collection":[{"href":"https:\/\/tes.zizi.ee\/et\/wp-json\/wp\/v2\/pages"}],"about":[{"href":"https:\/\/tes.zizi.ee\/et\/wp-json\/wp\/v2\/types\/page"}],"author":[{"embeddable":true,"href":"https:\/\/tes.zizi.ee\/et\/wp-json\/wp\/v2\/users\/1"}],"replies":[{"embeddable":true,"href":"https:\/\/tes.zizi.ee\/et\/wp-json\/wp\/v2\/comments?post=2073"}],"version-history":[{"count":0,"href":"https:\/\/tes.zizi.ee\/et\/wp-json\/wp\/v2\/pages\/2073\/revisions"}],"wp:attachment":[{"href":"https:\/\/tes.zizi.ee\/et\/wp-json\/wp\/v2\/media?parent=2073"}],"curies":[{"name":"wp","href":"https:\/\/api.w.org\/{rel}","templated":true}]}}