{"id":2064,"date":"2016-09-14T12:08:41","date_gmt":"2016-09-14T09:08:41","guid":{"rendered":"https:\/\/tes.zizi.ee\/et\/?page_id=2064"},"modified":"2021-12-09T23:41:05","modified_gmt":"2021-12-09T21:41:05","slug":"turvalisus","status":"publish","type":"page","link":"https:\/\/tes.zizi.ee\/et\/turvalisus\/","title":{"rendered":"Turvalisus"},"content":{"rendered":"<h1>Turvalisus<\/h1>\n<p>ZIZI Disain O\u00dc kasutab kliendi poolt antud isikuandmeid ainult kliendi ostutellimuse t\u00e4itmiseks ega avalda ostude k\u00e4igus teatavaks saanud informatsiooni kolmandatele osapooltele, v.a. koost\u00f6\u00f6partneritele tellimuse kohaletoimetamiseks ja seadusega etten\u00e4htud juhtudel. Maksete teostamiseks edastab vajalikud isikuandmed volitatud t\u00f6\u00f6tleja Maksekeskus AS-le.<\/p>\n<p>Lisaks k\u00e4esolevatele tingimustele reguleerivad ZIZI veebipoe vahendusel toodete ostmisel tekkivaid \u00f5igussuhteid Eesti Vabariigis kehtivad \u00f5igusaktid. Vastame r\u00f5\u00f5muga k\u00f5igile teie k\u00fcsimustele kirjalikult <a href=\"&#x6d;&#x61;&#x69;&#x6c;&#x74;&#x6f;&#x3a;&#x73;&#x68;&#x6f;&#x70;&#x40;&#x7a;&#x69;&#x7a;&#x69;&#x2e;&#x65;&#x65;\">&#115;&#104;&#x6f;p&#64;&#x7a;&#x69;z&#105;&#x2e;&#x65;e<\/a> v\u00f5i telefoni teel +372 644 1222. ZIZI Disain O\u00dc, Vene 12, Tallinn, Eesti.<\/p>\n","protected":false},"excerpt":{"rendered":"<p>Turvalisus ZIZI Disain O\u00dc kasutab kliendi poolt antud isikuandmeid ainult kliendi ostutellimuse t\u00e4itmiseks ega avalda ostude k\u00e4igus teatavaks saanud informatsiooni kolmandatele osapooltele, v.a. koost\u00f6\u00f6partneritele tellimuse kohaletoimetamiseks ja seadusega etten\u00e4htud juhtudel. Maksete teostamiseks edastab vajalikud isikuandmed volitatud t\u00f6\u00f6tleja Maksekeskus AS-le. Lisaks k\u00e4esolevatele tingimustele reguleerivad ZIZI veebipoe vahendusel toodete ostmisel tekkivaid \u00f5igussuhteid Eesti Vabariigis kehtivad \u00f5igusaktid. Vastame [&#8230;]\n","protected":false},"author":1,"featured_media":0,"parent":0,"menu_order":32,"comment_status":"closed","ping_status":"closed","template":"page-right-sidebar.php","meta":{"footnotes":""},"class_list":["post-2064","page","type-page","status-publish","hentry"],"_links":{"self":[{"href":"https:\/\/tes.zizi.ee\/et\/wp-json\/wp\/v2\/pages\/2064","targetHints":{"allow":["GET"]}}],"collection":[{"href":"https:\/\/tes.zizi.ee\/et\/wp-json\/wp\/v2\/pages"}],"about":[{"href":"https:\/\/tes.zizi.ee\/et\/wp-json\/wp\/v2\/types\/page"}],"author":[{"embeddable":true,"href":"https:\/\/tes.zizi.ee\/et\/wp-json\/wp\/v2\/users\/1"}],"replies":[{"embeddable":true,"href":"https:\/\/tes.zizi.ee\/et\/wp-json\/wp\/v2\/comments?post=2064"}],"version-history":[{"count":0,"href":"https:\/\/tes.zizi.ee\/et\/wp-json\/wp\/v2\/pages\/2064\/revisions"}],"wp:attachment":[{"href":"https:\/\/tes.zizi.ee\/et\/wp-json\/wp\/v2\/media?parent=2064"}],"curies":[{"name":"wp","href":"https:\/\/api.w.org\/{rel}","templated":true}]}}