{"id":2059,"date":"2016-09-14T12:01:17","date_gmt":"2016-09-14T09:01:17","guid":{"rendered":"https:\/\/tes.zizi.ee\/et\/?page_id=2059"},"modified":"2022-01-16T18:47:04","modified_gmt":"2022-01-16T16:47:04","slug":"tellimistingimused","status":"publish","type":"page","link":"https:\/\/tes.zizi.ee\/et\/tellimistingimused\/","title":{"rendered":"Tellimistingimused"},"content":{"rendered":"<h1>Tellimistingimused<\/h1>\n<h3>Tellimine<\/h3>\n<p>\u2022 Ostu sooritamiseks ei pea ennast kasutajaks registreerima \u2013 k\u00f5ik vajalikud andmed saab lisada ostu vormistamisel. Registreerudes kasutajaks, saad aga salvestada oma kontaktinfo kasutajakonto alla ning kui oled sisse loginud, siis ostu vormistamisel seda enam sisestama ei pea. Salvestatud kontaktinfot saab vajadusel alati parandada sisenedes oma kontole ja valides MINU KONTO \/ AADRESSID \u2013&gt; MUUDA v\u00f5i MINU KONTO \/ KONTO ANDMED.<\/p>\n<p>\u2022 Leia e-poest soovitud toode.<br \/>\nNB! Kontrolli kindlasti \u00fcle, kas valikuvariantidega toote puhul valisid endale sobiva variandi!<\/p>\n<p>\u2022 Vajuta toote juures olevale nupule LISA KORVI.<\/p>\n<p>\u2022 Ostukorvi sisu saab kontrollida lehek\u00fclje \u00fclaservas ostukorvi lingile v\u00f5i kujutisele vajutades. Vajadusel on v\u00f5imalik avanenud alammen\u00fc\u00fcst otse maksmisele siirduda vajutades nupule KASSA. Ostukorvis olevate toodete kogust saad muuta vastavas lahtris kogust muutes. Seej\u00e4rel vajuta nupule UUENDA OSTUKORVI. Toote eemaldamiseks ostukorvist vajuta toote pildi juures olevale nupule.<\/p>\n<p>\u2022 Kui on v\u00f5imalik kasutada kupongi, siis sisesta see lahtrisse KUPONGI KOOD ja vajuta KASUTA KUPONGI.<\/p>\n<p>\u2022 Ostu vormistamiseks vajuta MINE KASSASSE. Vajadusel t\u00e4ida v\u00f5i paranda oma andmed. T\u00e4rniga t\u00e4histatud lahtrid on n\u00f5utavad. Kui soovid kauba saatmist arveaadressist erinevale aadressile, siis aktiveeri SAADA TEISELE AADRESSILE ja t\u00e4ida vajalikud lahtrid.<\/p>\n<p>\u2022 Vali endale sobiv makseviis. Kui n\u00f5ustud tellimistingimustega, siis aktiveeri vastav linnuke ja vajuta ESITA TELLIMUS.<\/p>\n<p>\u2022 Peale tellimuse kinnitamist kuvatakse koos tellimuse infoga ekraanil ka teade, et Sinu tellimus on vastu v\u00f5etud. Koheselt saadetakse sama info ka Sinu antud e-maili aadressile.<\/p>\n<p>\u2022 Makseid vahendab Maksekeskus AS.<\/p>\n<h3>Kinkekaart<\/h3>\n<p>\u2022 Kinkekaardi ostmiseks tuleb \u00fclamen\u00fc\u00fcst sisse logida.<\/p>\n<p>\u2022 Kinkekaart kehtib maksevahendina vastavalt kaardi summale ZIZI kaupluses (Tallinn, Vene 12) ja internetipoes. Internetipoes saad kasutada \u00fche tellimuse kohta \u00fche kinkekaardi. ZIZI poes (Vene tn 12, Tallinn) saad tasumisel kasutada rohkem kinkekaarte. Esita kinkekaardid ostu ajal m\u00fc\u00fcjale.<\/p>\n<p>\u2022 Kasuta kinkekaardil n\u00e4idatud kupongi koodi ostukorvis kaupade eest tasumisel, kinkekaardi summa arvutatakse su ostukorvi summast maha.<\/p>\n<p>\u2022 Kinkekaardiga ei saa tasuda postitasu.<\/p>\n<p>\u2022 Kinkekaarti ei vahetata rahaks, ei osteta tagasi ega vahetata \u00fcmber.<\/p>\n<p>\u2022 ZIZI ei vastuta kadunud, varastatud v\u00f5i ilma loata kasutatud kupongi koodide eest. Kinkekaardi koos algup\u00e4rase kupongi koodiga saab vajadusel oma konto alt uuesti alla laadida.<\/p>\n<p>\u2022 V\u00f5imalike k\u00fcsimuste puhul palun kirjuta meile <a href=\"&#109;&#x61;i&#x6c;&#x74;&#111;&#x3a;s&#x68;&#x6f;&#112;&#x40;z&#x69;&#x7a;&#105;&#x2e;e&#x65;\">shop(a)zizi.ee<\/a><\/p>\n<h3>Hinnad<\/h3>\n<p>\u2022 K\u00f5ik hinnad on eurodes ja sisaldavad k\u00e4ibemaksu 20%.<\/p>\n<p>\u2022 Hinnale lisandub kohaletoimetamise tasu s\u00f5ltuvalt sihtriigist ja kauba kaalust. See tasu kuvatakse ostu vormistamisel eraldi real.<\/p>\n<h3>Panga\u00fclekandega tasumine<\/h3>\n<p>Peale tellimuse vormistamist saadame Su e-postile arve. \u00dclekande selgitusse kirjuta palun tellimuse number, mille leiad arvelt. Kui makse ei ole 7 p\u00e4eva m\u00f6\u00f6dumisel tellimuse vormistamisest meie kontole laekunud, siis loeme seda sooviks ostust loobuda ning t\u00fchistame Sinu tellimuse. Peale ettemaksu tasumist meie kontole, saadame Sulle kinnituskirja tellimuse t\u00e4itmisele v\u00f5tmise kohta. Kinnituskirjas on m\u00e4rgitud tarneaeg.<\/p>\n<h3>Kohaletoimetamine<\/h3>\n<p>ZIZI Disain O\u00dc tellib kauba tootjailt, millest tulenevalt v\u00f5ivad toodete tarneajad varieeruda 1\u20132 n\u00e4dalat s\u00f5ltuvalt laoseisust ja tootmists\u00fcklist. Kui tellitud artikli tarneaeg kujuneb mingil p\u00f5hjusel oluliselt pikemaks, kui veebipoes m\u00e4rgitud, teavitame Sind sellest aegsasti. Soovi korral v\u00f5id tellimuse t\u00fchistada v\u00f5i tellimust muuta.<\/p>\n<p>Omniva transporditeenusega tellitud kaup tuuakse tellimusele m\u00e4rgitud aadressi l\u00e4himasse postkontorisse. Enne postkontori postivahetust postitatud standardpakkide keskmine k\u00e4ttetoimetamisaeg saaja elukohaj\u00e4rgsesse postiasutusse Eestis on postitamisp\u00e4evast \u00fclej\u00e4rgmisel t\u00f6\u00f6p\u00e4eval.<\/p>\n<p>Itella pakiautomaati tellitud kaup j\u00f5uab Eestis kohale 1-2 t\u00f6\u00f6p\u00e4evaga. Paki saabumise teade saadetakse tellimusel m\u00e4rgitud telefoninumbrile.<\/p>\n<p>Omniva transpordiga tellitud postisaadetise saabumise teade edastatakse saaja postkasti hiljemalt j\u00e4rgmisel t\u00f6\u00f6p\u00e4eval. Rahvus- ja riigip\u00fchade ajal Omniva pakke v\u00f5i nende saabumise teateid k\u00e4tte ei toimeta. Pakid v\u00f5i nende saabumise teated toimetatakse k\u00e4tte rahvus- v\u00f5i riigip\u00fchale j\u00e4rgneval t\u00f6\u00f6p\u00e4eval. V\u00e4ljuvate saadetiste k\u00e4ttetoimetamine sihtriigis toimub vastavalt sihtriigi k\u00e4ttetoimetamise tingimustele.<\/p>\n<p>Enne kohaletoimetamist peab olema tasutud 100% kogu tellimusest + transport.<\/p>\n<p>Palun kontrolli enne tellimuse vormistamist esitatavate kontaktandmete \u00f5igsust v\u00e4ltimaks viivitusi ja arusaamatusi toodete kohaletoimetamisel. ZIZI Disain O\u00dc ei saa vastutada toodete kohaletoimetamise viivituse ja tekkinud arusaamatuste eest juhul, kui viivitus v\u00f5i arusaamatus on tingitud ostja poolt tellimuse vormistamisel esitatud andmete ebat\u00e4psusest v\u00f5i eba\u00f5igsusest. Kui ilmneb, et me ei saa Sulle soovitud kaupa mingil p\u00f5hjusel saata, siis v\u00f5tame Sinuga aegsasti \u00fchendust, teavitades soovitud kauba puudumisest. Sul on v\u00f5imalik valida puuduva kauba asemele midagi muud. Kindlasti v\u00f5tame Sinuga \u00fchendust juhul, kui paki saatmine mingil p\u00f5hjusel viibib.<\/p>\n<h3>Kauba tagastamine ja garantiitingimused<\/h3>\n<p>\u2022 Tooteid saab tagastada 14 p\u00e4eva jooksul alates toote k\u00e4ttesaamisest esitades avalduse e-postiga aadressil <a href=\"m&#97;&#105;&#108;&#x74;&#x6f;&#x3a;sh&#111;&#112;&#x40;&#x7a;&#x69;&#x7a;i&#46;&#101;&#101;\">shop(a)zizi.ee<\/a> Palume avalduses \u00e4ra m\u00e4rkida ka kauba tagastamise p\u00f5hjuse ja viisi. Toote tagastamisega seotud kulud katab ostja. Toode peab olema kasutamata. Juhul, kui tagastatav kaup on kasutatud ja\/v\u00f5i rikutud, on ZIZI Disain O\u00dc-l \u00f5igus seda mitte vastu v\u00f5tta.<\/p>\n<p>\u2022 Kui meilt ostetud kaup osutub praagiks, siis vahetame selle ostuarve olemasolul v\u00e4lja kahe aasta jooksul, alates arvel olevast kuup\u00e4evast. Kui konkreetne kaup on selleks ajaks tootmisest maas, siis tagastame raha. Kauba vahetamisel tekkivad saatekulud kanname meie.<\/p>\n<p>\u2022 Paraku ei saa me vastutada: (1) kauba rikkumise eest ostja s\u00fc\u00fcl; (2) kauba mittesihtotstarbelise kasutamise tulemusel tekkinud vigade eest; (3) kauba jooksva kulumise eest tavakasutamise korral.<\/p>\n<p>\u2022 Samuti ei saa me vastutada toodete v\u00e4ikeste v\u00e4rvitooni erinevuste eest, mis tulenevad ostja arvutiekraani seadetest ja\/v\u00f5i kanga tootja poolse kaubapartiide toonide erinevusest.<\/p>\n<p>\u2022 ZIZI Disain O\u00dc ei vastuta ostjale tekitatud kahjude eest v\u00f5i toote kohaletoimetamise viibimise eest juhul, kui kahju v\u00f5i toote kohaletoomise viibimine on tingitud asjaolust, mida me ei saanud m\u00f5jutada, ei n\u00e4inud ette ega v\u00f5inud ette n\u00e4ha (v\u00e4\u00e4ramatu j\u00f5ud).<\/p>\n<h3>Turvalisus<\/h3>\n<p>\u2022 ZIZI Disain O\u00dc kasutab kliendi poolt antud isikuandmeid ainult kliendi ostutellimuse t\u00e4itmiseks ega avalda ostude k\u00e4igus teatavaks saanud informatsiooni kolmandatele osapooltele, v.a. koost\u00f6\u00f6partneritele tellimuse kohaletoimetamiseks ja seadusega etten\u00e4htud juhtudel. Maksete teostamiseks edastab vajalikud isikuandmed volitatud t\u00f6\u00f6tleja Maksekeskus AS-le.<\/p>\n<p>Lisaks k\u00e4esolevatele tingimustele reguleerivad ZIZI veebipoe vahendusel toodete ostmisel tekkivaid \u00f5igussuhteid Eesti Vabariigis kehtivad \u00f5igusaktid. Vastame r\u00f5\u00f5muga k\u00f5igile teie k\u00fcsimustele kirjalikult <a href=\"m&#97;&#105;&#x6c;&#x74;o:&#115;&#104;&#x6f;&#x70;&#64;z&#105;&#122;&#x69;&#x2e;ee\">shop(a)zizi.ee<\/a> v\u00f5i telefoni teel +372 644 1222. ZIZI Disain O\u00dc, Vene 12, Tallinn, Eesti.<\/p>\n","protected":false},"excerpt":{"rendered":"<p>Tellimistingimused Tellimine \u2022 Ostu sooritamiseks ei pea ennast kasutajaks registreerima \u2013 k\u00f5ik vajalikud andmed saab lisada ostu vormistamisel. Registreerudes kasutajaks, saad aga salvestada oma kontaktinfo kasutajakonto alla ning kui oled sisse loginud, siis ostu vormistamisel seda enam sisestama ei pea. Salvestatud kontaktinfot saab vajadusel alati parandada sisenedes oma kontole ja valides MINU KONTO \/ AADRESSID [&#8230;]\n","protected":false},"author":1,"featured_media":0,"parent":0,"menu_order":28,"comment_status":"closed","ping_status":"closed","template":"page-right-sidebar.php","meta":{"footnotes":""},"class_list":["post-2059","page","type-page","status-publish","hentry"],"_links":{"self":[{"href":"https:\/\/tes.zizi.ee\/et\/wp-json\/wp\/v2\/pages\/2059","targetHints":{"allow":["GET"]}}],"collection":[{"href":"https:\/\/tes.zizi.ee\/et\/wp-json\/wp\/v2\/pages"}],"about":[{"href":"https:\/\/tes.zizi.ee\/et\/wp-json\/wp\/v2\/types\/page"}],"author":[{"embeddable":true,"href":"https:\/\/tes.zizi.ee\/et\/wp-json\/wp\/v2\/users\/1"}],"replies":[{"embeddable":true,"href":"https:\/\/tes.zizi.ee\/et\/wp-json\/wp\/v2\/comments?post=2059"}],"version-history":[{"count":0,"href":"https:\/\/tes.zizi.ee\/et\/wp-json\/wp\/v2\/pages\/2059\/revisions"}],"wp:attachment":[{"href":"https:\/\/tes.zizi.ee\/et\/wp-json\/wp\/v2\/media?parent=2059"}],"curies":[{"name":"wp","href":"https:\/\/api.w.org\/{rel}","templated":true}]}}